{"id":828,"date":"2023-03-13T21:34:06","date_gmt":"2023-03-13T20:34:06","guid":{"rendered":"https:\/\/groupeviptelecom.fr\/?page_id=828"},"modified":"2026-02-04T14:43:36","modified_gmt":"2026-02-04T13:43:36","slug":"conditions-generales-de-vente","status":"publish","type":"page","link":"https:\/\/groupeviptelecom.fr\/index.php\/conditions-generales-de-vente\/","title":{"rendered":"Conditions g\u00e9n\u00e9rales de vente"},"content":{"rendered":"\t\t<div data-elementor-type=\"wp-page\" data-elementor-id=\"828\" class=\"elementor elementor-828\">\n\t\t\t\t\t\t\t\t\t<section class=\"elementor-section elementor-top-section elementor-element elementor-element-aaeea00 elementor-section-boxed elementor-section-height-default elementor-section-height-default elementor-invisible\" data-id=\"aaeea00\" data-element_type=\"section\" data-settings=\"{&quot;background_background&quot;:&quot;classic&quot;,&quot;animation&quot;:&quot;fadeIn&quot;}\">\n\t\t\t\t\t\t\t<div class=\"elementor-background-overlay\"><\/div>\n\t\t\t\t\t\t\t<div class=\"elementor-container elementor-column-gap-default\">\n\t\t\t\t\t<div class=\"elementor-column elementor-col-50 elementor-top-column elementor-element elementor-element-40a0fa9 elementor-invisible\" data-id=\"40a0fa9\" data-element_type=\"column\" data-settings=\"{&quot;animation&quot;:&quot;fadeInLeft&quot;,&quot;animation_delay&quot;:100}\">\n\t\t\t<div class=\"elementor-widget-wrap elementor-element-populated\">\n\t\t\t\t\t\t\t\t<div class=\"elementor-element elementor-element-56182d7 elementor-widget elementor-widget-heading\" data-id=\"56182d7\" data-element_type=\"widget\" data-widget_type=\"heading.default\">\n\t\t\t\t<div class=\"elementor-widget-container\">\n\t\t\t<style>\/*! elementor - v3.11.2 - 22-02-2023 *\/\n.elementor-heading-title{padding:0;margin:0;line-height:1}.elementor-widget-heading .elementor-heading-title[class*=elementor-size-]>a{color:inherit;font-size:inherit;line-height:inherit}.elementor-widget-heading .elementor-heading-title.elementor-size-small{font-size:15px}.elementor-widget-heading .elementor-heading-title.elementor-size-medium{font-size:19px}.elementor-widget-heading .elementor-heading-title.elementor-size-large{font-size:29px}.elementor-widget-heading .elementor-heading-title.elementor-size-xl{font-size:39px}.elementor-widget-heading .elementor-heading-title.elementor-size-xxl{font-size:59px}<\/style><h2 class=\"elementor-heading-title elementor-size-default\">Conditions g\u00e9n\u00e9rales de vente<\/h2>\t\t<\/div>\n\t\t\t\t<\/div>\n\t\t\t\t\t<\/div>\n\t\t<\/div>\n\t\t\t\t<div class=\"elementor-column elementor-col-50 elementor-top-column elementor-element elementor-element-87edd7f elementor-hidden-mobile\" data-id=\"87edd7f\" data-element_type=\"column\">\n\t\t\t<div class=\"elementor-widget-wrap\">\n\t\t\t\t\t\t\t\t\t<\/div>\n\t\t<\/div>\n\t\t\t\t\t\t\t<\/div>\n\t\t<\/section>\n\t\t\t\t<section class=\"elementor-section elementor-top-section elementor-element elementor-element-0883b77 elementor-section-content-top elementor-section-boxed elementor-section-height-default elementor-section-height-default\" data-id=\"0883b77\" data-element_type=\"section\">\n\t\t\t\t\t\t<div class=\"elementor-container elementor-column-gap-default\">\n\t\t\t\t\t<div class=\"elementor-column elementor-col-100 elementor-top-column elementor-element elementor-element-96113de\" data-id=\"96113de\" data-element_type=\"column\">\n\t\t\t<div class=\"elementor-widget-wrap elementor-element-populated\">\n\t\t\t\t\t\t\t\t<div class=\"elementor-element elementor-element-f30e2ad elementor-widget elementor-widget-heading\" data-id=\"f30e2ad\" data-element_type=\"widget\" data-widget_type=\"heading.default\">\n\t\t\t\t<div class=\"elementor-widget-container\">\n\t\t\t<h2 class=\"elementor-heading-title elementor-size-default\">T\u00e9l\u00e9chargez nos conditions g\u00e9n\u00e9rales de vente<\/h2>\t\t<\/div>\n\t\t\t\t<\/div>\n\t\t\t\t<div class=\"elementor-element elementor-element-1ce2442 elementor-widget elementor-widget-heading\" data-id=\"1ce2442\" data-element_type=\"widget\" data-widget_type=\"heading.default\">\n\t\t\t\t<div class=\"elementor-widget-container\">\n\t\t\t<h3 class=\"elementor-heading-title elementor-size-default\">Applicables jusqu\u2019au 31 D\u00e9cembre 2026 inclus<\/h3>\t\t<\/div>\n\t\t\t\t<\/div>\n\t\t\t\t\t<\/div>\n\t\t<\/div>\n\t\t\t\t\t\t\t<\/div>\n\t\t<\/section>\n\t\t\t\t<section class=\"elementor-section elementor-top-section elementor-element elementor-element-wa4h611 elementor-section-boxed elementor-section-height-default elementor-section-height-default\" data-id=\"wa4h611\" data-element_type=\"section\" data-settings=\"{&quot;background_background&quot;:&quot;classic&quot;}\">\n\t\t\t\t\t\t\t<div class=\"elementor-background-overlay\"><\/div>\n\t\t\t\t\t\t\t<div class=\"elementor-container elementor-column-gap-no\">\n\t\t\t\t\t<div class=\"elementor-column elementor-col-25 elementor-top-column elementor-element elementor-element-05c2928\" data-id=\"05c2928\" data-element_type=\"column\" data-settings=\"{&quot;background_background&quot;:&quot;classic&quot;}\">\n\t\t\t<div class=\"elementor-widget-wrap elementor-element-populated\">\n\t\t\t\t\t\t\t\t<div class=\"elementor-element elementor-element-85cbfc5 elementor-widget elementor-widget-image\" data-id=\"85cbfc5\" data-element_type=\"widget\" data-widget_type=\"image.default\">\n\t\t\t\t<div class=\"elementor-widget-container\">\n\t\t\t<style>\/*! elementor - v3.11.2 - 22-02-2023 *\/\n.elementor-widget-image{text-align:center}.elementor-widget-image a{display:inline-block}.elementor-widget-image a img[src$=\".svg\"]{width:48px}.elementor-widget-image img{vertical-align:middle;display:inline-block}<\/style>\t\t\t\t\t\t\t\t\t\t\t\t<img loading=\"lazy\" decoding=\"async\" width=\"203\" height=\"249\" src=\"https:\/\/groupeviptelecom.fr\/wp-content\/uploads\/2023\/03\/download.png\" class=\"attachment-full size-full wp-image-832\" alt=\"\" \/>\t\t\t\t\t\t\t\t\t\t\t\t\t\t\t<\/div>\n\t\t\t\t<\/div>\n\t\t\t\t<div class=\"elementor-element elementor-element-5d1179b elementor-widget elementor-widget-heading\" data-id=\"5d1179b\" data-element_type=\"widget\" data-widget_type=\"heading.default\">\n\t\t\t\t<div class=\"elementor-widget-container\">\n\t\t\t<h3 class=\"elementor-heading-title elementor-size-default\">CONDITIONS GENERALES DU MATERIEL ET ABONNEMENT<\/h3>\t\t<\/div>\n\t\t\t\t<\/div>\n\t\t\t\t<div class=\"elementor-element elementor-element-5b404d1 elementor-button-danger elementor-align-center elementor-widget elementor-widget-button\" data-id=\"5b404d1\" data-element_type=\"widget\" data-widget_type=\"button.default\">\n\t\t\t\t<div class=\"elementor-widget-container\">\n\t\t\t\t\t<div class=\"elementor-button-wrapper\">\n\t\t\t<a href=\"https:\/\/groupeviptelecom.fr\/wp-content\/uploads\/2026\/02\/CONDITIONS-GENERALES-2026.pdf\" class=\"elementor-button-link elementor-button elementor-size-sm\" role=\"button\">\n\t\t\t\t\t\t<span class=\"elementor-button-content-wrapper\">\n\t\t\t\t\t\t<span class=\"elementor-button-text\">T\u00e9l\u00e9charger<\/span>\n\t\t<\/span>\n\t\t\t\t\t<\/a>\n\t\t<\/div>\n\t\t\t\t<\/div>\n\t\t\t\t<\/div>\n\t\t\t\t\t<\/div>\n\t\t<\/div>\n\t\t\t\t<div class=\"elementor-column elementor-col-25 elementor-top-column elementor-element elementor-element-3f49819\" data-id=\"3f49819\" data-element_type=\"column\" data-settings=\"{&quot;background_background&quot;:&quot;classic&quot;}\">\n\t\t\t<div class=\"elementor-widget-wrap elementor-element-populated\">\n\t\t\t\t\t\t\t\t<div class=\"elementor-element elementor-element-a82511f elementor-widget elementor-widget-image\" data-id=\"a82511f\" data-element_type=\"widget\" data-widget_type=\"image.default\">\n\t\t\t\t<div class=\"elementor-widget-container\">\n\t\t\t\t\t\t\t\t\t\t\t\t\t\t\t<img loading=\"lazy\" decoding=\"async\" width=\"203\" height=\"249\" src=\"https:\/\/groupeviptelecom.fr\/wp-content\/uploads\/2023\/03\/download.png\" class=\"attachment-full size-full wp-image-832\" alt=\"\" \/>\t\t\t\t\t\t\t\t\t\t\t\t\t\t\t<\/div>\n\t\t\t\t<\/div>\n\t\t\t\t<div class=\"elementor-element elementor-element-a6f6e06 elementor-widget elementor-widget-heading\" data-id=\"a6f6e06\" data-element_type=\"widget\" data-widget_type=\"heading.default\">\n\t\t\t\t<div class=\"elementor-widget-container\">\n\t\t\t<h3 class=\"elementor-heading-title elementor-size-default\">CONTRAT DE MAINTENANCE<\/h3>\t\t<\/div>\n\t\t\t\t<\/div>\n\t\t\t\t<div class=\"elementor-element elementor-element-aece6a2 elementor-button-danger elementor-align-center elementor-widget elementor-widget-button\" data-id=\"aece6a2\" data-element_type=\"widget\" data-widget_type=\"button.default\">\n\t\t\t\t<div class=\"elementor-widget-container\">\n\t\t\t\t\t<div class=\"elementor-button-wrapper\">\n\t\t\t<a href=\"https:\/\/groupeviptelecom.fr\/wp-content\/uploads\/2026\/02\/Contrat-de-Maintenance-GROUPE-VIP-TELECOM-2026.pdf\" class=\"elementor-button-link elementor-button elementor-size-sm\" role=\"button\">\n\t\t\t\t\t\t<span class=\"elementor-button-content-wrapper\">\n\t\t\t\t\t\t<span class=\"elementor-button-text\">T\u00e9l\u00e9charger<\/span>\n\t\t<\/span>\n\t\t\t\t\t<\/a>\n\t\t<\/div>\n\t\t\t\t<\/div>\n\t\t\t\t<\/div>\n\t\t\t\t\t<\/div>\n\t\t<\/div>\n\t\t\t\t<div class=\"elementor-column elementor-col-25 elementor-top-column elementor-element elementor-element-8d1482d\" data-id=\"8d1482d\" data-element_type=\"column\" data-settings=\"{&quot;background_background&quot;:&quot;classic&quot;}\">\n\t\t\t<div class=\"elementor-widget-wrap elementor-element-populated\">\n\t\t\t\t\t\t\t\t<div class=\"elementor-element elementor-element-bad09ef elementor-widget elementor-widget-image\" data-id=\"bad09ef\" data-element_type=\"widget\" data-widget_type=\"image.default\">\n\t\t\t\t<div class=\"elementor-widget-container\">\n\t\t\t\t\t\t\t\t\t\t\t\t\t\t\t<img loading=\"lazy\" decoding=\"async\" width=\"203\" height=\"249\" src=\"https:\/\/groupeviptelecom.fr\/wp-content\/uploads\/2023\/03\/download.png\" class=\"attachment-full size-full wp-image-832\" alt=\"\" \/>\t\t\t\t\t\t\t\t\t\t\t\t\t\t\t<\/div>\n\t\t\t\t<\/div>\n\t\t\t\t<div class=\"elementor-element elementor-element-3d81481 elementor-widget elementor-widget-heading\" data-id=\"3d81481\" data-element_type=\"widget\" data-widget_type=\"heading.default\">\n\t\t\t\t<div class=\"elementor-widget-container\">\n\t\t\t<h3 class=\"elementor-heading-title elementor-size-default\">CONDITIONS GENERALES DE VENTE<\/h3>\t\t<\/div>\n\t\t\t\t<\/div>\n\t\t\t\t<div class=\"elementor-element elementor-element-79a8326 elementor-button-danger elementor-align-center elementor-widget elementor-widget-button\" data-id=\"79a8326\" data-element_type=\"widget\" data-widget_type=\"button.default\">\n\t\t\t\t<div class=\"elementor-widget-container\">\n\t\t\t\t\t<div class=\"elementor-button-wrapper\">\n\t\t\t<a href=\"https:\/\/groupeviptelecom.fr\/wp-content\/uploads\/2026\/02\/CG-CP-GROUPE-VIP-TELECOM-2026.pdf\" class=\"elementor-button-link elementor-button elementor-size-sm\" role=\"button\">\n\t\t\t\t\t\t<span class=\"elementor-button-content-wrapper\">\n\t\t\t\t\t\t<span class=\"elementor-button-text\">T\u00e9l\u00e9charger<\/span>\n\t\t<\/span>\n\t\t\t\t\t<\/a>\n\t\t<\/div>\n\t\t\t\t<\/div>\n\t\t\t\t<\/div>\n\t\t\t\t\t<\/div>\n\t\t<\/div>\n\t\t\t\t<div class=\"elementor-column elementor-col-25 elementor-top-column elementor-element elementor-element-f17b4d7\" data-id=\"f17b4d7\" data-element_type=\"column\" data-settings=\"{&quot;background_background&quot;:&quot;classic&quot;}\">\n\t\t\t<div class=\"elementor-widget-wrap elementor-element-populated\">\n\t\t\t\t\t\t\t\t<div class=\"elementor-element elementor-element-3787c30 elementor-widget elementor-widget-image\" data-id=\"3787c30\" data-element_type=\"widget\" data-widget_type=\"image.default\">\n\t\t\t\t<div class=\"elementor-widget-container\">\n\t\t\t\t\t\t\t\t\t\t\t\t\t\t\t<img loading=\"lazy\" decoding=\"async\" width=\"203\" height=\"249\" src=\"https:\/\/groupeviptelecom.fr\/wp-content\/uploads\/2023\/03\/download.png\" class=\"attachment-full size-full wp-image-832\" alt=\"\" \/>\t\t\t\t\t\t\t\t\t\t\t\t\t\t\t<\/div>\n\t\t\t\t<\/div>\n\t\t\t\t<div class=\"elementor-element elementor-element-fe310c7 elementor-widget elementor-widget-heading\" data-id=\"fe310c7\" data-element_type=\"widget\" data-widget_type=\"heading.default\">\n\t\t\t\t<div class=\"elementor-widget-container\">\n\t\t\t<h3 class=\"elementor-heading-title elementor-size-default\">LETTRE TYPE DE RESILIATION MATERIEL<\/h3>\t\t<\/div>\n\t\t\t\t<\/div>\n\t\t\t\t<div class=\"elementor-element elementor-element-4404fa5 elementor-button-danger elementor-align-center elementor-widget elementor-widget-button\" data-id=\"4404fa5\" data-element_type=\"widget\" data-widget_type=\"button.default\">\n\t\t\t\t<div class=\"elementor-widget-container\">\n\t\t\t\t\t<div class=\"elementor-button-wrapper\">\n\t\t\t<a href=\"https:\/\/groupeviptelecom.fr\/wp-content\/uploads\/2023\/12\/Lettre-type-de-resiliation-location-materiel.docx\" class=\"elementor-button-link elementor-button elementor-size-sm\" role=\"button\">\n\t\t\t\t\t\t<span class=\"elementor-button-content-wrapper\">\n\t\t\t\t\t\t<span class=\"elementor-button-text\">T\u00e9l\u00e9charger<\/span>\n\t\t<\/span>\n\t\t\t\t\t<\/a>\n\t\t<\/div>\n\t\t\t\t<\/div>\n\t\t\t\t<\/div>\n\t\t\t\t\t<\/div>\n\t\t<\/div>\n\t\t\t\t\t\t\t<\/div>\n\t\t<\/section>\n\t\t\t\t\t\t\t<\/div>\n\t\t","protected":false},"excerpt":{"rendered":"<p>Conditions g\u00e9n\u00e9rales de vente T\u00e9l\u00e9chargez nos conditions g\u00e9n\u00e9rales de vente Applicables jusqu\u2019au 31 D\u00e9cembre 2026 inclus CONDITIONS GENERALES DU MATERIEL ET ABONNEMENT T\u00e9l\u00e9charger CONTRAT DE MAINTENANCE T\u00e9l\u00e9charger CONDITIONS GENERALES DE VENTE T\u00e9l\u00e9charger LETTRE TYPE DE RESILIATION MATERIEL T\u00e9l\u00e9charger<\/p>\n","protected":false},"author":1,"featured_media":0,"parent":0,"menu_order":0,"comment_status":"closed","ping_status":"closed","template":"","meta":{"site-sidebar-layout":"no-sidebar","site-content-layout":"page-builder","ast-global-header-display":"","ast-main-header-display":"","ast-hfb-above-header-display":"","ast-hfb-below-header-display":"","ast-hfb-mobile-header-display":"","site-post-title":"disabled","ast-breadcrumbs-content":"","ast-featured-img":"disabled","footer-sml-layout":"","theme-transparent-header-meta":"","adv-header-id-meta":"","stick-header-meta":"","header-above-stick-meta":"","header-main-stick-meta":"","header-below-stick-meta":"","footnotes":""},"class_list":["post-828","page","type-page","status-publish","hentry"],"yoast_head":"<!-- This site is optimized with the Yoast SEO plugin v20.3 - https:\/\/yoast.com\/wordpress\/plugins\/seo\/ -->\n<title>Conditions g\u00e9n\u00e9rales de vente - Groupe VIP Telecom<\/title>\n<meta name=\"robots\" content=\"index, follow, max-snippet:-1, max-image-preview:large, max-video-preview:-1\" \/>\n<link rel=\"canonical\" href=\"https:\/\/groupeviptelecom.fr\/index.php\/conditions-generales-de-vente\/\" \/>\n<meta property=\"og:locale\" content=\"fr_FR\" \/>\n<meta property=\"og:type\" content=\"article\" \/>\n<meta property=\"og:title\" content=\"Conditions g\u00e9n\u00e9rales de vente - Groupe VIP Telecom\" \/>\n<meta property=\"og:description\" content=\"Conditions g\u00e9n\u00e9rales de vente T\u00e9l\u00e9chargez nos conditions g\u00e9n\u00e9rales de vente Applicables jusqu\u2019au 31 D\u00e9cembre 2026 inclus CONDITIONS GENERALES DU MATERIEL ET ABONNEMENT T\u00e9l\u00e9charger CONTRAT DE MAINTENANCE T\u00e9l\u00e9charger CONDITIONS GENERALES DE VENTE T\u00e9l\u00e9charger LETTRE TYPE DE RESILIATION MATERIEL T\u00e9l\u00e9charger\" \/>\n<meta property=\"og:url\" content=\"https:\/\/groupeviptelecom.fr\/index.php\/conditions-generales-de-vente\/\" \/>\n<meta property=\"og:site_name\" content=\"Groupe VIP Telecom\" \/>\n<meta property=\"article:modified_time\" content=\"2026-02-04T13:43:36+00:00\" \/>\n<meta property=\"og:image\" content=\"https:\/\/groupeviptelecom.fr\/wp-content\/uploads\/2023\/03\/download.png\" \/>\n<meta name=\"twitter:card\" content=\"summary_large_image\" \/>\n<meta name=\"twitter:label1\" content=\"Dur\u00e9e de lecture estim\u00e9e\" \/>\n\t<meta name=\"twitter:data1\" content=\"1 minute\" \/>\n<script type=\"application\/ld+json\" class=\"yoast-schema-graph\">{\"@context\":\"https:\/\/schema.org\",\"@graph\":[{\"@type\":\"WebPage\",\"@id\":\"https:\/\/groupeviptelecom.fr\/index.php\/conditions-generales-de-vente\/\",\"url\":\"https:\/\/groupeviptelecom.fr\/index.php\/conditions-generales-de-vente\/\",\"name\":\"Conditions g\u00e9n\u00e9rales de vente - Groupe VIP Telecom\",\"isPartOf\":{\"@id\":\"https:\/\/groupeviptelecom.fr\/#website\"},\"datePublished\":\"2023-03-13T20:34:06+00:00\",\"dateModified\":\"2026-02-04T13:43:36+00:00\",\"breadcrumb\":{\"@id\":\"https:\/\/groupeviptelecom.fr\/index.php\/conditions-generales-de-vente\/#breadcrumb\"},\"inLanguage\":\"fr-FR\",\"potentialAction\":[{\"@type\":\"ReadAction\",\"target\":[\"https:\/\/groupeviptelecom.fr\/index.php\/conditions-generales-de-vente\/\"]}]},{\"@type\":\"BreadcrumbList\",\"@id\":\"https:\/\/groupeviptelecom.fr\/index.php\/conditions-generales-de-vente\/#breadcrumb\",\"itemListElement\":[{\"@type\":\"ListItem\",\"position\":1,\"name\":\"Accueil\",\"item\":\"https:\/\/groupeviptelecom.fr\/\"},{\"@type\":\"ListItem\",\"position\":2,\"name\":\"Conditions g\u00e9n\u00e9rales de vente\"}]},{\"@type\":\"WebSite\",\"@id\":\"https:\/\/groupeviptelecom.fr\/#website\",\"url\":\"https:\/\/groupeviptelecom.fr\/\",\"name\":\"Groupe VIP Telecom\",\"description\":\"T\u00e9l\u00e9phonie d&#039;entreprise\",\"publisher\":{\"@id\":\"https:\/\/groupeviptelecom.fr\/#organization\"},\"potentialAction\":[{\"@type\":\"SearchAction\",\"target\":{\"@type\":\"EntryPoint\",\"urlTemplate\":\"https:\/\/groupeviptelecom.fr\/?s={search_term_string}\"},\"query-input\":\"required name=search_term_string\"}],\"inLanguage\":\"fr-FR\"},{\"@type\":\"Organization\",\"@id\":\"https:\/\/groupeviptelecom.fr\/#organization\",\"name\":\"Groupe VIP Telecom\",\"url\":\"https:\/\/groupeviptelecom.fr\/\",\"logo\":{\"@type\":\"ImageObject\",\"inLanguage\":\"fr-FR\",\"@id\":\"https:\/\/groupeviptelecom.fr\/#\/schema\/logo\/image\/\",\"url\":\"https:\/\/groupeviptelecom.fr\/wp-content\/uploads\/2023\/02\/logo-1-1.png\",\"contentUrl\":\"https:\/\/groupeviptelecom.fr\/wp-content\/uploads\/2023\/02\/logo-1-1.png\",\"width\":1666,\"height\":1666,\"caption\":\"Groupe VIP Telecom\"},\"image\":{\"@id\":\"https:\/\/groupeviptelecom.fr\/#\/schema\/logo\/image\/\"}}]}<\/script>\n<!-- \/ Yoast SEO plugin. -->","yoast_head_json":{"title":"Conditions g\u00e9n\u00e9rales de vente - Groupe VIP Telecom","robots":{"index":"index","follow":"follow","max-snippet":"max-snippet:-1","max-image-preview":"max-image-preview:large","max-video-preview":"max-video-preview:-1"},"canonical":"https:\/\/groupeviptelecom.fr\/index.php\/conditions-generales-de-vente\/","og_locale":"fr_FR","og_type":"article","og_title":"Conditions g\u00e9n\u00e9rales de vente - Groupe VIP Telecom","og_description":"Conditions g\u00e9n\u00e9rales de vente T\u00e9l\u00e9chargez nos conditions g\u00e9n\u00e9rales de vente Applicables jusqu\u2019au 31 D\u00e9cembre 2026 inclus CONDITIONS GENERALES DU MATERIEL ET ABONNEMENT T\u00e9l\u00e9charger CONTRAT DE MAINTENANCE T\u00e9l\u00e9charger CONDITIONS GENERALES DE VENTE T\u00e9l\u00e9charger LETTRE TYPE DE RESILIATION MATERIEL T\u00e9l\u00e9charger","og_url":"https:\/\/groupeviptelecom.fr\/index.php\/conditions-generales-de-vente\/","og_site_name":"Groupe VIP Telecom","article_modified_time":"2026-02-04T13:43:36+00:00","og_image":[{"url":"https:\/\/groupeviptelecom.fr\/wp-content\/uploads\/2023\/03\/download.png"}],"twitter_card":"summary_large_image","twitter_misc":{"Dur\u00e9e de lecture estim\u00e9e":"1 minute"},"schema":{"@context":"https:\/\/schema.org","@graph":[{"@type":"WebPage","@id":"https:\/\/groupeviptelecom.fr\/index.php\/conditions-generales-de-vente\/","url":"https:\/\/groupeviptelecom.fr\/index.php\/conditions-generales-de-vente\/","name":"Conditions g\u00e9n\u00e9rales de vente - Groupe VIP Telecom","isPartOf":{"@id":"https:\/\/groupeviptelecom.fr\/#website"},"datePublished":"2023-03-13T20:34:06+00:00","dateModified":"2026-02-04T13:43:36+00:00","breadcrumb":{"@id":"https:\/\/groupeviptelecom.fr\/index.php\/conditions-generales-de-vente\/#breadcrumb"},"inLanguage":"fr-FR","potentialAction":[{"@type":"ReadAction","target":["https:\/\/groupeviptelecom.fr\/index.php\/conditions-generales-de-vente\/"]}]},{"@type":"BreadcrumbList","@id":"https:\/\/groupeviptelecom.fr\/index.php\/conditions-generales-de-vente\/#breadcrumb","itemListElement":[{"@type":"ListItem","position":1,"name":"Accueil","item":"https:\/\/groupeviptelecom.fr\/"},{"@type":"ListItem","position":2,"name":"Conditions g\u00e9n\u00e9rales de vente"}]},{"@type":"WebSite","@id":"https:\/\/groupeviptelecom.fr\/#website","url":"https:\/\/groupeviptelecom.fr\/","name":"Groupe VIP Telecom","description":"T\u00e9l\u00e9phonie d&#039;entreprise","publisher":{"@id":"https:\/\/groupeviptelecom.fr\/#organization"},"potentialAction":[{"@type":"SearchAction","target":{"@type":"EntryPoint","urlTemplate":"https:\/\/groupeviptelecom.fr\/?s={search_term_string}"},"query-input":"required name=search_term_string"}],"inLanguage":"fr-FR"},{"@type":"Organization","@id":"https:\/\/groupeviptelecom.fr\/#organization","name":"Groupe VIP Telecom","url":"https:\/\/groupeviptelecom.fr\/","logo":{"@type":"ImageObject","inLanguage":"fr-FR","@id":"https:\/\/groupeviptelecom.fr\/#\/schema\/logo\/image\/","url":"https:\/\/groupeviptelecom.fr\/wp-content\/uploads\/2023\/02\/logo-1-1.png","contentUrl":"https:\/\/groupeviptelecom.fr\/wp-content\/uploads\/2023\/02\/logo-1-1.png","width":1666,"height":1666,"caption":"Groupe VIP Telecom"},"image":{"@id":"https:\/\/groupeviptelecom.fr\/#\/schema\/logo\/image\/"}}]}},"_links":{"self":[{"href":"https:\/\/groupeviptelecom.fr\/index.php\/wp-json\/wp\/v2\/pages\/828","targetHints":{"allow":["GET"]}}],"collection":[{"href":"https:\/\/groupeviptelecom.fr\/index.php\/wp-json\/wp\/v2\/pages"}],"about":[{"href":"https:\/\/groupeviptelecom.fr\/index.php\/wp-json\/wp\/v2\/types\/page"}],"author":[{"embeddable":true,"href":"https:\/\/groupeviptelecom.fr\/index.php\/wp-json\/wp\/v2\/users\/1"}],"replies":[{"embeddable":true,"href":"https:\/\/groupeviptelecom.fr\/index.php\/wp-json\/wp\/v2\/comments?post=828"}],"version-history":[{"count":75,"href":"https:\/\/groupeviptelecom.fr\/index.php\/wp-json\/wp\/v2\/pages\/828\/revisions"}],"predecessor-version":[{"id":1072,"href":"https:\/\/groupeviptelecom.fr\/index.php\/wp-json\/wp\/v2\/pages\/828\/revisions\/1072"}],"wp:attachment":[{"href":"https:\/\/groupeviptelecom.fr\/index.php\/wp-json\/wp\/v2\/media?parent=828"}],"curies":[{"name":"wp","href":"https:\/\/api.w.org\/{rel}","templated":true}]}}